{"id":1328,"date":"2022-09-27T16:47:23","date_gmt":"2022-09-27T16:47:23","guid":{"rendered":"https:\/\/risquepays.gouv.cd\/statistics\/?page_id=1328"},"modified":"2022-09-28T16:40:07","modified_gmt":"2022-09-28T16:40:07","slug":"depenses-de-letat-decomposition-en-valeur-et-en-du-pib","status":"publish","type":"page","link":"https:\/\/risquepays.gouv.cd\/statistics\/index.php\/depenses-de-letat-decomposition-en-valeur-et-en-du-pib\/","title":{"rendered":"D\u00e9penses de l\u2019\u00c9tat (d\u00e9composition, en valeur et en % du PIB)"},"content":{"rendered":"\t\t<div data-elementor-type=\"wp-page\" data-elementor-id=\"1328\" class=\"elementor elementor-1328\" data-elementor-post-type=\"page\">\n\t\t\t\t\t\t\t\t\t<section class=\"elementor-section elementor-top-section elementor-element elementor-element-5e97f2b elementor-section-boxed elementor-section-height-default elementor-section-height-default\" data-id=\"5e97f2b\" data-element_type=\"section\">\n\t\t\t\t\t\t<div class=\"elementor-container elementor-column-gap-default\">\n\t\t\t\t\t<div class=\"elementor-column elementor-col-100 elementor-top-column elementor-element elementor-element-07aa806\" data-id=\"07aa806\" data-element_type=\"column\">\n\t\t\t<div class=\"elementor-widget-wrap elementor-element-populated\">\n\t\t\t\t\t\t\t\t<div class=\"elementor-element elementor-element-1d6cb88 elementor-widget elementor-widget-heading\" data-id=\"1d6cb88\" data-element_type=\"widget\" data-widget_type=\"heading.default\">\n\t\t\t\t<div class=\"elementor-widget-container\">\n\t\t\t<style>\/*! elementor - v3.15.0 - 09-08-2023 *\/\n.elementor-heading-title{padding:0;margin:0;line-height:1}.elementor-widget-heading .elementor-heading-title[class*=elementor-size-]>a{color:inherit;font-size:inherit;line-height:inherit}.elementor-widget-heading .elementor-heading-title.elementor-size-small{font-size:15px}.elementor-widget-heading .elementor-heading-title.elementor-size-medium{font-size:19px}.elementor-widget-heading .elementor-heading-title.elementor-size-large{font-size:29px}.elementor-widget-heading .elementor-heading-title.elementor-size-xl{font-size:39px}.elementor-widget-heading .elementor-heading-title.elementor-size-xxl{font-size:59px}<\/style><h2 class=\"elementor-heading-title elementor-size-default\">Budget de l\u2019Etat\n<\/h2>\t\t<\/div>\n\t\t\t\t<\/div>\n\t\t\t\t\t<\/div>\n\t\t<\/div>\n\t\t\t\t\t\t\t<\/div>\n\t\t<\/section>\n\t\t\t\t<section class=\"elementor-section elementor-top-section elementor-element elementor-element-27c9232 elementor-section-boxed elementor-section-height-default elementor-section-height-default\" data-id=\"27c9232\" data-element_type=\"section\">\n\t\t\t\t\t\t<div class=\"elementor-container elementor-column-gap-default\">\n\t\t\t\t\t<div class=\"elementor-column elementor-col-100 elementor-top-column elementor-element elementor-element-a5e6d85\" data-id=\"a5e6d85\" data-element_type=\"column\">\n\t\t\t<div class=\"elementor-widget-wrap elementor-element-populated\">\n\t\t\t\t\t\t\t\t<div class=\"elementor-element elementor-element-046b8f0 elementor-widget elementor-widget-heading\" data-id=\"046b8f0\" data-element_type=\"widget\" data-widget_type=\"heading.default\">\n\t\t\t\t<div class=\"elementor-widget-container\">\n\t\t\t<h3 class=\"elementor-heading-title elementor-size-default\">D\u00e9penses de l\u2019\u00c9tat (d\u00e9composition, en valeur et en % du PIB)\n<\/h3>\t\t<\/div>\n\t\t\t\t<\/div>\n\t\t\t\t\t<\/div>\n\t\t<\/div>\n\t\t\t\t\t\t\t<\/div>\n\t\t<\/section>\n\t\t\t\t<section class=\"elementor-section elementor-top-section elementor-element elementor-element-0c545a4 elementor-section-boxed elementor-section-height-default elementor-section-height-default\" data-id=\"0c545a4\" data-element_type=\"section\">\n\t\t\t\t\t\t<div class=\"elementor-container elementor-column-gap-default\">\n\t\t\t\t\t<div class=\"elementor-column elementor-col-100 elementor-top-column elementor-element elementor-element-5c678af\" data-id=\"5c678af\" data-element_type=\"column\">\n\t\t\t<div class=\"elementor-widget-wrap elementor-element-populated\">\n\t\t\t\t\t\t\t\t<div class=\"elementor-element elementor-element-88a027b elementor-widget__width-initial elementor-widget elementor-widget-heading\" data-id=\"88a027b\" data-element_type=\"widget\" data-widget_type=\"heading.default\">\n\t\t\t\t<div class=\"elementor-widget-container\">\n\t\t\t<h5 class=\"elementor-heading-title elementor-size-default\"><b>D\u00e9composition des d\u00e9penses de l'Etat<\/b>\n(en milliards de CDF)<\/h5>\t\t<\/div>\n\t\t\t\t<\/div>\n\t\t\t\t\t<\/div>\n\t\t<\/div>\n\t\t\t\t\t\t\t<\/div>\n\t\t<\/section>\n\t\t\t\t<section class=\"elementor-section elementor-top-section elementor-element elementor-element-a769f4a elementor-section-full_width elementor-section-stretched elementor-section-height-default elementor-section-height-default\" data-id=\"a769f4a\" data-element_type=\"section\" data-settings=\"{&quot;stretch_section&quot;:&quot;section-stretched&quot;}\">\n\t\t\t\t\t\t<div class=\"elementor-container elementor-column-gap-default\">\n\t\t\t\t\t<div class=\"elementor-column elementor-col-100 elementor-top-column elementor-element elementor-element-c77ad63\" data-id=\"c77ad63\" data-element_type=\"column\">\n\t\t\t<div class=\"elementor-widget-wrap elementor-element-populated\">\n\t\t\t\t\t\t\t\t<div class=\"elementor-element elementor-element-81ab47c elementor-widget elementor-widget-html\" data-id=\"81ab47c\" data-element_type=\"widget\" data-widget_type=\"html.default\">\n\t\t\t\t<div class=\"elementor-widget-container\">\n\t\t\t<iframe loading=\"lazy\" title=\"DecompositionDepenses\" width=\"1024\" height=\"1060\" src=\"https:\/\/app.powerbi.com\/view?r=eyJrIjoiYmFhOTk1NjgtNTY1My00ZWNmLWFlMTMtMTgyYWY3NWUwYTJhIiwidCI6IjRjODRmNzk2LWMyNDMtNDg1ZC1hYmRlLTIyNWIyOTgzMTljMSIsImMiOjl9&pageName=ReportSection\" frameborder=\"0\" allowFullScreen=\"true\"><\/iframe>\t\t<\/div>\n\t\t\t\t<\/div>\n\t\t\t\t\t<\/div>\n\t\t<\/div>\n\t\t\t\t\t\t\t<\/div>\n\t\t<\/section>\n\t\t\t\t<section class=\"elementor-section elementor-top-section elementor-element elementor-element-c143b30 elementor-section-boxed elementor-section-height-default elementor-section-height-default\" data-id=\"c143b30\" data-element_type=\"section\">\n\t\t\t\t\t\t<div class=\"elementor-container elementor-column-gap-default\">\n\t\t\t\t\t<div class=\"elementor-column elementor-col-100 elementor-top-column elementor-element elementor-element-53a8de7\" data-id=\"53a8de7\" data-element_type=\"column\">\n\t\t\t<div class=\"elementor-widget-wrap elementor-element-populated\">\n\t\t\t\t\t\t\t\t<div class=\"elementor-element elementor-element-9b56741 elementor-widget__width-initial elementor-widget elementor-widget-heading\" data-id=\"9b56741\" data-element_type=\"widget\" data-widget_type=\"heading.default\">\n\t\t\t\t<div class=\"elementor-widget-container\">\n\t\t\t<h5 class=\"elementor-heading-title elementor-size-default\"><b>D\u00e9penses de l'Etat par grande cat\u00e9gorie<\/b><br>\n(en %)<\/h5>\t\t<\/div>\n\t\t\t\t<\/div>\n\t\t\t\t\t<\/div>\n\t\t<\/div>\n\t\t\t\t\t\t\t<\/div>\n\t\t<\/section>\n\t\t\t\t<section class=\"elementor-section elementor-top-section elementor-element elementor-element-ea9eec5 elementor-section-full_width elementor-section-stretched elementor-section-height-default elementor-section-height-default\" data-id=\"ea9eec5\" data-element_type=\"section\" data-settings=\"{&quot;stretch_section&quot;:&quot;section-stretched&quot;}\">\n\t\t\t\t\t\t<div class=\"elementor-container elementor-column-gap-default\">\n\t\t\t\t\t<div class=\"elementor-column elementor-col-100 elementor-top-column elementor-element elementor-element-629aefa\" data-id=\"629aefa\" data-element_type=\"column\">\n\t\t\t<div class=\"elementor-widget-wrap elementor-element-populated\">\n\t\t\t\t\t\t\t\t<div class=\"elementor-element elementor-element-1cd9032 elementor-widget elementor-widget-html\" data-id=\"1cd9032\" data-element_type=\"widget\" data-widget_type=\"html.default\">\n\t\t\t\t<div class=\"elementor-widget-container\">\n\t\t\t<iframe loading=\"lazy\" title=\"D\u00e9penses de l'Etat par grande cat\u00e9gorie (en %) non PIB - Page 1\" width=\"1024\" height=\"1060\" src=\"https:\/\/app.powerbi.com\/view?r=eyJrIjoiN2FlYzU3ZDEtMjU3ZS00MTA0LTlhMGMtODVlOTBmYzBlZjBiIiwidCI6IjRjODRmNzk2LWMyNDMtNDg1ZC1hYmRlLTIyNWIyOTgzMTljMSIsImMiOjl9\" frameborder=\"0\" allowFullScreen=\"true\"><\/iframe>\t\t<\/div>\n\t\t\t\t<\/div>\n\t\t\t\t\t<\/div>\n\t\t<\/div>\n\t\t\t\t\t\t\t<\/div>\n\t\t<\/section>\n\t\t\t\t<section class=\"elementor-section elementor-top-section elementor-element elementor-element-7010471 elementor-section-boxed elementor-section-height-default elementor-section-height-default\" data-id=\"7010471\" data-element_type=\"section\">\n\t\t\t\t\t\t<div class=\"elementor-container elementor-column-gap-default\">\n\t\t\t\t\t<div class=\"elementor-column elementor-col-100 elementor-top-column elementor-element elementor-element-0d3b824\" data-id=\"0d3b824\" data-element_type=\"column\">\n\t\t\t<div class=\"elementor-widget-wrap elementor-element-populated\">\n\t\t\t\t\t\t\t\t<div class=\"elementor-element elementor-element-b4805d9 elementor-widget__width-initial elementor-widget elementor-widget-heading\" data-id=\"b4805d9\" data-element_type=\"widget\" data-widget_type=\"heading.default\">\n\t\t\t\t<div class=\"elementor-widget-container\">\n\t\t\t<h5 class=\"elementor-heading-title elementor-size-default\"><b>D\u00e9penses de l'Etat <\/b><br>\n(en %)<\/h5>\t\t<\/div>\n\t\t\t\t<\/div>\n\t\t\t\t\t<\/div>\n\t\t<\/div>\n\t\t\t\t\t\t\t<\/div>\n\t\t<\/section>\n\t\t\t\t<section class=\"elementor-section elementor-top-section elementor-element elementor-element-80e5deb elementor-section-full_width elementor-section-stretched elementor-section-height-default elementor-section-height-default\" data-id=\"80e5deb\" data-element_type=\"section\" data-settings=\"{&quot;stretch_section&quot;:&quot;section-stretched&quot;}\">\n\t\t\t\t\t\t<div class=\"elementor-container elementor-column-gap-default\">\n\t\t\t\t\t<div class=\"elementor-column elementor-col-100 elementor-top-column elementor-element elementor-element-b020d8b\" data-id=\"b020d8b\" data-element_type=\"column\">\n\t\t\t<div class=\"elementor-widget-wrap elementor-element-populated\">\n\t\t\t\t\t\t\t\t<div class=\"elementor-element elementor-element-f07ecb8 elementor-widget elementor-widget-html\" data-id=\"f07ecb8\" data-element_type=\"widget\" data-widget_type=\"html.default\">\n\t\t\t\t<div class=\"elementor-widget-container\">\n\t\t\t<iframe loading=\"lazy\" title=\"D\u00e9penses de l'Etat (en %) cam\" width=\"1024\" height=\"1060\" src=\"https:\/\/app.powerbi.com\/view?r=eyJrIjoiODg4ZDYwZWItNTBlNi00MmE3LWEwNzMtOTUwNjRkMjAwZTJlIiwidCI6IjRjODRmNzk2LWMyNDMtNDg1ZC1hYmRlLTIyNWIyOTgzMTljMSIsImMiOjl9&pageName=ReportSection\" frameborder=\"0\" allowFullScreen=\"true\"><\/iframe>\t\t<\/div>\n\t\t\t\t<\/div>\n\t\t\t\t\t<\/div>\n\t\t<\/div>\n\t\t\t\t\t\t\t<\/div>\n\t\t<\/section>\n\t\t\t\t\t\t\t<\/div>\n\t\t","protected":false},"excerpt":{"rendered":"<p>Budget de l\u2019Etat D\u00e9penses de l\u2019\u00c9tat (d\u00e9composition, en valeur et en % du PIB) D\u00e9composition des d\u00e9penses de l&rsquo;Etat (en milliards de CDF) D\u00e9penses de l&rsquo;Etat par grande cat\u00e9gorie (en %) D\u00e9penses de l&rsquo;Etat (en %)<\/p>\n","protected":false},"author":5,"featured_media":0,"parent":0,"menu_order":0,"comment_status":"closed","ping_status":"closed","template":"elementor_header_footer","meta":{"_mi_skip_tracking":false,"_monsterinsights_sitenote_active":false,"_monsterinsights_sitenote_note":"","_monsterinsights_sitenote_category":0,"site-sidebar-layout":"default","site-content-layout":"default","ast-global-header-display":"","ast-banner-title-visibility":"","ast-main-header-display":"","ast-hfb-above-header-display":"","ast-hfb-below-header-display":"","ast-hfb-mobile-header-display":"","site-post-title":"","ast-breadcrumbs-content":"","ast-featured-img":"","footer-sml-layout":"","theme-transparent-header-meta":"","adv-header-id-meta":"","stick-header-meta":"","header-above-stick-meta":"","header-main-stick-meta":"","header-below-stick-meta":"","footnotes":""},"class_list":["post-1328","page","type-page","status-publish","hentry"],"acf":[],"aioseo_notices":[],"_links":{"self":[{"href":"https:\/\/risquepays.gouv.cd\/statistics\/index.php\/wp-json\/wp\/v2\/pages\/1328","targetHints":{"allow":["GET"]}}],"collection":[{"href":"https:\/\/risquepays.gouv.cd\/statistics\/index.php\/wp-json\/wp\/v2\/pages"}],"about":[{"href":"https:\/\/risquepays.gouv.cd\/statistics\/index.php\/wp-json\/wp\/v2\/types\/page"}],"author":[{"embeddable":true,"href":"https:\/\/risquepays.gouv.cd\/statistics\/index.php\/wp-json\/wp\/v2\/users\/5"}],"replies":[{"embeddable":true,"href":"https:\/\/risquepays.gouv.cd\/statistics\/index.php\/wp-json\/wp\/v2\/comments?post=1328"}],"version-history":[{"count":37,"href":"https:\/\/risquepays.gouv.cd\/statistics\/index.php\/wp-json\/wp\/v2\/pages\/1328\/revisions"}],"predecessor-version":[{"id":2530,"href":"https:\/\/risquepays.gouv.cd\/statistics\/index.php\/wp-json\/wp\/v2\/pages\/1328\/revisions\/2530"}],"wp:attachment":[{"href":"https:\/\/risquepays.gouv.cd\/statistics\/index.php\/wp-json\/wp\/v2\/media?parent=1328"}],"curies":[{"name":"wp","href":"https:\/\/api.w.org\/{rel}","templated":true}]}}